{"id":35,"date":"2025-06-02T03:15:27","date_gmt":"2025-06-02T03:15:27","guid":{"rendered":"http:\/\/e-concept.md\/contact-us\/"},"modified":"2026-03-27T13:22:46","modified_gmt":"2026-03-27T13:22:46","slug":"contacte","status":"publish","type":"page","link":"https:\/\/e-concept.md\/en\/contacte\/","title":{"rendered":"Contacts"},"content":{"rendered":"\t\t<div data-elementor-type=\"wp-page\" data-elementor-id=\"35\" class=\"elementor elementor-35\" data-elementor-post-type=\"page\">\n\t\t\t\t<div class=\"elementor-element elementor-element-f969415 e-flex e-con-boxed e-con e-parent\" data-id=\"f969415\" data-element_type=\"container\" data-e-type=\"container\" data-settings=\"{&quot;background_background&quot;:&quot;classic&quot;}\">\n\t\t\t\t\t<div class=\"e-con-inner\">\n\t\t<div class=\"elementor-element elementor-element-9533cbe e-con-full e-flex e-con e-child\" data-id=\"9533cbe\" data-element_type=\"container\" data-e-type=\"container\" data-settings=\"{&quot;background_background&quot;:&quot;classic&quot;}\">\n\t\t<div class=\"elementor-element elementor-element-17bb9b4 e-con-full e-flex e-con e-child\" data-id=\"17bb9b4\" data-element_type=\"container\" data-e-type=\"container\">\n\t\t\t\t<div class=\"elementor-element elementor-element-f50016e elementor-absolute elementor-view-default elementor-widget elementor-widget-icon\" data-id=\"f50016e\" data-element_type=\"widget\" data-e-type=\"widget\" data-settings=\"{&quot;_position&quot;:&quot;absolute&quot;,&quot;motion_fx_motion_fx_scrolling&quot;:&quot;yes&quot;,&quot;motion_fx_translateX_effect&quot;:&quot;yes&quot;,&quot;motion_fx_translateX_speed&quot;:{&quot;unit&quot;:&quot;px&quot;,&quot;size&quot;:1.5,&quot;sizes&quot;:[]},&quot;motion_fx_translateX_affectedRange&quot;:{&quot;unit&quot;:&quot;%&quot;,&quot;size&quot;:&quot;&quot;,&quot;sizes&quot;:{&quot;start&quot;:0,&quot;end&quot;:100}},&quot;motion_fx_devices&quot;:[&quot;desktop&quot;,&quot;laptop&quot;,&quot;tablet_extra&quot;,&quot;tablet&quot;,&quot;mobile_extra&quot;,&quot;mobile&quot;]}\" data-widget_type=\"icon.default\">\n\t\t\t\t\t\t\t<div class=\"elementor-icon-wrapper\">\n\t\t\t<div class=\"elementor-icon\">\n\t\t\t\t\t\t<\/div>\n\t\t<\/div>\n\t\t\t\t\t\t<\/div>\n\t\t\t\t<div class=\"elementor-element elementor-element-5a52a97 elementor-widget__width-auto elementor-absolute elementor-view-default elementor-widget elementor-widget-icon\" data-id=\"5a52a97\" data-element_type=\"widget\" data-e-type=\"widget\" data-settings=\"{&quot;_position&quot;:&quot;absolute&quot;,&quot;motion_fx_motion_fx_scrolling&quot;:&quot;yes&quot;,&quot;motion_fx_translateY_effect&quot;:&quot;yes&quot;,&quot;motion_fx_translateY_direction&quot;:&quot;negative&quot;,&quot;motion_fx_translateY_speed&quot;:{&quot;unit&quot;:&quot;px&quot;,&quot;size&quot;:1.2,&quot;sizes&quot;:[]},&quot;motion_fx_translateY_affectedRange&quot;:{&quot;unit&quot;:&quot;%&quot;,&quot;size&quot;:&quot;&quot;,&quot;sizes&quot;:{&quot;start&quot;:0,&quot;end&quot;:100}},&quot;motion_fx_devices&quot;:[&quot;desktop&quot;,&quot;laptop&quot;,&quot;tablet_extra&quot;,&quot;tablet&quot;,&quot;mobile_extra&quot;,&quot;mobile&quot;]}\" data-widget_type=\"icon.default\">\n\t\t\t\t\t\t\t<div class=\"elementor-icon-wrapper\">\n\t\t\t<div class=\"elementor-icon\">\n\t\t\t\t\t\t<\/div>\n\t\t<\/div>\n\t\t\t\t\t\t<\/div>\n\t\t\t\t<div class=\"elementor-element elementor-element-54aba7f subtitle-position-above elementor-mobile_extra-align-center elementor-mobile-align-left elementor-widget elementor-widget-antra-heading\" data-id=\"54aba7f\" data-element_type=\"widget\" data-e-type=\"widget\" data-widget_type=\"antra-heading.default\">\n\t\t\t\t<div class=\"elementor-widget-container\">\n\t\t\t\t\t<div class=\"elementor-heading-wrapper-inner\"><div class=\"elementor-sub-title\"><span class=\"elementor-title-span\">                <span class=\"elementor-button-icon antra-subtitle-icon-left\">\n                    <i aria-hidden=\"true\" class=\"antra-icon- antra-icon-dot\"><\/i>                <\/span>\n                Contacteaz\u0103-ne<\/span><\/div><\/div>\t\t\t\t<\/div>\n\t\t\t\t<\/div>\n\t\t\t\t<\/div>\n\t\t<div class=\"elementor-element elementor-element-4516dc9 e-con-full e-flex e-con e-child\" data-id=\"4516dc9\" data-element_type=\"container\" data-e-type=\"container\">\n\t\t\t\t<div class=\"elementor-element elementor-element-a242196 elementor-widget__width-initial elementor-widget elementor-widget-heading\" data-id=\"a242196\" data-element_type=\"widget\" data-e-type=\"widget\" data-widget_type=\"heading.default\">\n\t\t\t\t\t<h2 data-cursor=\"-opaque\" class=\"elementor-heading-title elementor-size-default\">Ai un proiect de mobilier \u00een plan?  <span class=\"c-primary\">Hai s\u0103 \u00eel realiz\u0103m! <\/span><\/h2>\t\t\t\t<\/div>\n\t\t\t\t<\/div>\n\t\t\t\t<\/div>\n\t\t<div class=\"elementor-element elementor-element-254771e e-con-full e-flex e-con e-child\" data-id=\"254771e\" data-element_type=\"container\" data-e-type=\"container\">\n\t\t<div class=\"elementor-element elementor-element-54720d3 e-con-full e-flex e-con e-child\" data-id=\"54720d3\" data-element_type=\"container\" data-e-type=\"container\">\n\t\t<div class=\"elementor-element elementor-element-729b66f e-con-full e-flex e-con e-child\" data-id=\"729b66f\" data-element_type=\"container\" data-e-type=\"container\">\n\t\t<div class=\"elementor-element elementor-element-5d85aeb e-con-full e-flex e-con e-child\" data-id=\"5d85aeb\" data-element_type=\"container\" data-e-type=\"container\">\n\t\t\t\t<div class=\"elementor-element elementor-element-9e850c8 elementor-widget elementor-widget-heading\" data-id=\"9e850c8\" data-element_type=\"widget\" data-e-type=\"widget\" data-widget_type=\"heading.default\">\n\t\t\t\t\t<h2 class=\"elementor-heading-title elementor-size-default\">Adresa:<\/h2>\t\t\t\t<\/div>\n\t\t\t\t<div class=\"elementor-element elementor-element-74878eb elementor-widget__width-initial elementor-widget-mobile__width-inherit elementor-widget elementor-widget-text-editor\" data-id=\"74878eb\" data-element_type=\"widget\" data-e-type=\"widget\" data-widget_type=\"text-editor.default\">\n\t\t\t\t\t\t\t\t\t<p>mun. Chi\u0219in\u0103u, sect. Buiucani, str. Alexandrescu, nr.3, B<\/p>\t\t\t\t\t\t\t\t<\/div>\n\t\t\t\t<\/div>\n\t\t<div class=\"elementor-element elementor-element-e48596f e-con-full e-flex e-con e-child\" data-id=\"e48596f\" data-element_type=\"container\" data-e-type=\"container\">\n\t\t\t\t<div class=\"elementor-element elementor-element-6f43a96 elementor-widget elementor-widget-heading\" data-id=\"6f43a96\" data-element_type=\"widget\" data-e-type=\"widget\" data-widget_type=\"heading.default\">\n\t\t\t\t\t<h2 class=\"elementor-heading-title elementor-size-default\">Contacte:<\/h2>\t\t\t\t<\/div>\n\t\t\t\t<div class=\"elementor-element elementor-element-251a537 elementor-widget elementor-widget-heading\" data-id=\"251a537\" data-element_type=\"widget\" data-e-type=\"widget\" data-widget_type=\"heading.default\">\n\t\t\t\t\t<h2 class=\"elementor-heading-title elementor-size-default\"><a href=\"http:\/\/+373%2069%2093%2013%2011\">+373 69 93 13 11<\/a><\/h2>\t\t\t\t<\/div>\n\t\t\t\t<div class=\"elementor-element elementor-element-ed1f22c elementor-widget elementor-widget-heading\" data-id=\"ed1f22c\" data-element_type=\"widget\" data-e-type=\"widget\" data-widget_type=\"heading.default\">\n\t\t\t\t\t<h2 class=\"elementor-heading-title elementor-size-default\">salon@e-concept.md<\/h2>\t\t\t\t<\/div>\n\t\t\t\t<\/div>\n\t\t\t\t<\/div>\n\t\t\t\t<div class=\"elementor-element elementor-element-22337f3 elementor-widget-mobile_extra__width-inherit elementor-widget elementor-widget-image\" data-id=\"22337f3\" data-element_type=\"widget\" data-e-type=\"widget\" data-widget_type=\"image.default\">\n\t\t\t\t\t<div class=\"antra-wrapper-image-widget\" data-cursor=\"-opaque\">\t\t\t\t\t\t\t\t\t\t<img fetchpriority=\"high\" decoding=\"async\" width=\"977\" height=\"1068\" src=\"https:\/\/e-concept.md\/wp-content\/uploads\/2026\/03\/b-e-conceput-5-e1772697127385.webp\" class=\"attachment-full size-full wp-image-9193\" alt=\"\" srcset=\"https:\/\/e-concept.md\/wp-content\/uploads\/2026\/03\/b-e-conceput-5-e1772697127385.webp 977w, https:\/\/e-concept.md\/wp-content\/uploads\/2026\/03\/b-e-conceput-5-e1772697127385-274x300.webp 274w, https:\/\/e-concept.md\/wp-content\/uploads\/2026\/03\/b-e-conceput-5-e1772697127385-937x1024.webp 937w, https:\/\/e-concept.md\/wp-content\/uploads\/2026\/03\/b-e-conceput-5-e1772697127385-768x840.webp 768w, https:\/\/e-concept.md\/wp-content\/uploads\/2026\/03\/b-e-conceput-5-e1772697127385-11x12.webp 11w, https:\/\/e-concept.md\/wp-content\/uploads\/2026\/03\/b-e-conceput-5-e1772697127385-575x629.webp 575w, https:\/\/e-concept.md\/wp-content\/uploads\/2026\/03\/b-e-conceput-5-e1772697127385-80x88.webp 80w\" sizes=\"(max-width: 977px) 100vw, 977px\" \/>\t\t\t\t\t\t\t\t\t\t\t<\/div>\t\t\t\t<\/div>\n\t\t\t\t<\/div>\n\t\t<div class=\"elementor-element elementor-element-baf4453 e-con-full e-flex e-con e-child\" data-id=\"baf4453\" data-element_type=\"container\" data-e-type=\"container\">\n\t\t\t\t<div class=\"elementor-element elementor-element-3544da2 elementor-widget elementor-widget-antra-contactform\" data-id=\"3544da2\" data-element_type=\"widget\" data-e-type=\"widget\" data-widget_type=\"antra-contactform.default\">\n\t\t\t\t<div class=\"elementor-widget-container\">\n\t\t\t\t\t\n<div class=\"wpcf7 no-js\" id=\"wpcf7-f9-o1\" lang=\"ro-RO\" dir=\"ltr\" data-wpcf7-id=\"9\">\n<div class=\"screen-reader-response\"><p role=\"status\" aria-live=\"polite\" aria-atomic=\"true\"><\/p> <ul><\/ul><\/div>\n<form action=\"\/en\/wp-json\/wp\/v2\/pages\/35#wpcf7-f9-o1\" method=\"post\" class=\"wpcf7-form init\" aria-label=\"Formular de contact\" novalidate=\"novalidate\" data-status=\"init\">\n<fieldset class=\"hidden-fields-container\"><input type=\"hidden\" name=\"_wpcf7\" value=\"9\" \/><input type=\"hidden\" name=\"_wpcf7_version\" value=\"6.1.5\" \/><input type=\"hidden\" name=\"_wpcf7_locale\" value=\"ro_RO\" \/><input type=\"hidden\" name=\"_wpcf7_unit_tag\" value=\"wpcf7-f9-o1\" \/><input type=\"hidden\" name=\"_wpcf7_container_post\" value=\"0\" \/><input type=\"hidden\" name=\"_wpcf7_posted_data_hash\" value=\"\" \/>\n<\/fieldset>\n<p><label> Nume \u0219i prenume<br \/>\n<span class=\"wpcf7-form-control-wrap\" data-name=\"your-name\"><input size=\"40\" maxlength=\"400\" class=\"wpcf7-form-control wpcf7-text wpcf7-validates-as-required\" autocomplete=\"name\" aria-required=\"true\" aria-invalid=\"false\" value=\"\" type=\"text\" name=\"your-name\" \/><\/span> <\/label>\n<\/p>\n<p><label> Email<br \/>\n<span class=\"wpcf7-form-control-wrap\" data-name=\"your-email\"><input size=\"40\" maxlength=\"400\" class=\"wpcf7-form-control wpcf7-email wpcf7-validates-as-required wpcf7-text wpcf7-validates-as-email\" autocomplete=\"email\" aria-required=\"true\" aria-invalid=\"false\" value=\"\" type=\"email\" name=\"your-email\" \/><\/span> <\/label>\n<\/p>\n<p><label> Subiect<br \/>\n<span class=\"wpcf7-form-control-wrap\" data-name=\"your-subject\"><input size=\"40\" maxlength=\"400\" class=\"wpcf7-form-control wpcf7-text wpcf7-validates-as-required\" aria-required=\"true\" aria-invalid=\"false\" value=\"\" type=\"text\" name=\"your-subject\" \/><\/span> <\/label>\n<\/p>\n<p><label> Mesaj (optional)<br \/>\n<span class=\"wpcf7-form-control-wrap\" data-name=\"your-message\"><textarea cols=\"40\" rows=\"10\" maxlength=\"2000\" class=\"wpcf7-form-control wpcf7-textarea\" aria-invalid=\"false\" name=\"your-message\"><\/textarea><\/span> <\/label>\n<\/p>\n<p><input class=\"wpcf7-form-control wpcf7-submit has-spinner\" type=\"submit\" value=\"Transmite\" \/>\n<\/p><div class=\"wpcf7-response-output\" aria-hidden=\"true\"><\/div>\n<\/form>\n<\/div>\n\t\t\t\t<\/div>\n\t\t\t\t<\/div>\n\t\t\t\t<\/div>\n\t\t\t\t<\/div>\n\t\t\t\t\t<\/div>\n\t\t\t\t<\/div>\n\t\t<div class=\"elementor-element elementor-element-bb2b92c e-con-full e-flex e-con e-parent\" data-id=\"bb2b92c\" data-element_type=\"container\" data-e-type=\"container\">\n\t\t\t\t<div class=\"elementor-element elementor-element-7039472 elementor-widget elementor-widget-google_maps\" data-id=\"7039472\" data-element_type=\"widget\" data-e-type=\"widget\" data-widget_type=\"google_maps.default\">\n\t\t\t\t\t\t\t<div class=\"elementor-custom-embed\">\n\t\t\t<iframe loading=\"lazy\"\n\t\t\t\t\tsrc=\"https:\/\/maps.google.com\/maps?q=mun.%20Chi%C8%99in%C4%83u%2C%20str.%20Alexandrescu%2C%20nr.3%2C%20B&#038;t=m&#038;z=15&#038;output=embed&#038;iwloc=near\"\n\t\t\t\t\ttitle=\"mun. Chi\u0219in\u0103u, str. Alexandrescu, nr.3, B\"\n\t\t\t\t\taria-label=\"mun. Chi\u0219in\u0103u, str. Alexandrescu, nr.3, B\"\n\t\t\t><\/iframe>\n\t\t<\/div>\n\t\t\t\t\t\t<\/div>\n\t\t\t\t<\/div>\n\t\t<div class=\"elementor-element elementor-element-58e7e93 e-flex e-con-boxed e-con e-parent\" data-id=\"58e7e93\" data-element_type=\"container\" data-e-type=\"container\">\n\t\t\t\t\t<div class=\"e-con-inner\">\n\t\t\t\t\t<\/div>\n\t\t\t\t<\/div>\n\t\t\t\t<\/div>\n\t\t","protected":false},"excerpt":{"rendered":"<p>Contacteaz\u0103-ne Ai un proiect de mobilier \u00een plan? Hai s\u0103 \u00eel realiz\u0103m! Adresa: mun. Chi\u0219in\u0103u, sect. Buiucani, str. Alexandrescu, nr.3, B Contacte: +373 69 93 13 11 salon@e-concept.md Nume \u0219i prenume Email Subiect Mesaj (optional)<\/p>","protected":false},"author":2,"featured_media":0,"parent":0,"menu_order":0,"comment_status":"closed","ping_status":"closed","template":"","meta":{"footnotes":""},"class_list":["post-35","page","type-page","status-publish","hentry"],"yoast_head":"<!-- This site is optimized with the Yoast SEO plugin v27.0 - https:\/\/yoast.com\/product\/yoast-seo-wordpress\/ -->\n<title>Contacte - E-Concept<\/title>\n<meta name=\"robots\" content=\"index, follow, max-snippet:-1, max-image-preview:large, max-video-preview:-1\" \/>\n<link rel=\"canonical\" href=\"https:\/\/e-concept.md\/en\/contacte\/\" \/>\n<meta property=\"og:locale\" content=\"en_US\" \/>\n<meta property=\"og:type\" content=\"article\" \/>\n<meta property=\"og:title\" content=\"Contacte - E-Concept\" \/>\n<meta property=\"og:description\" content=\"Contacteaz\u0103-ne Ai un proiect de mobilier \u00een plan? Hai s\u0103 \u00eel realiz\u0103m! Adresa: mun. Chi\u0219in\u0103u, sect. Buiucani, str. Alexandrescu, nr.3, B Contacte: +373 69 93 13 11 salon@e-concept.md Nume \u0219i prenume Email Subiect Mesaj (optional)\" \/>\n<meta property=\"og:url\" content=\"https:\/\/e-concept.md\/en\/contacte\/\" \/>\n<meta property=\"og:site_name\" content=\"E-Concept\" \/>\n<meta property=\"article:modified_time\" content=\"2026-03-27T13:22:46+00:00\" \/>\n<meta property=\"og:image\" content=\"https:\/\/e-concept.md\/wp-content\/uploads\/2026\/03\/b-e-conceput-5-e1772697127385.webp\" \/>\n\t<meta property=\"og:image:width\" content=\"977\" \/>\n\t<meta property=\"og:image:height\" content=\"1068\" \/>\n\t<meta property=\"og:image:type\" content=\"image\/webp\" \/>\n<meta name=\"twitter:card\" content=\"summary_large_image\" \/>\n<meta name=\"twitter:label1\" content=\"Est. reading time\" \/>\n\t<meta name=\"twitter:data1\" content=\"1 minute\" \/>\n<script type=\"application\/ld+json\" class=\"yoast-schema-graph\">{\"@context\":\"https:\/\/schema.org\",\"@graph\":[{\"@type\":\"WebPage\",\"@id\":\"https:\/\/e-concept.md\/contacte\/\",\"url\":\"https:\/\/e-concept.md\/contacte\/\",\"name\":\"Contacte - E-Concept\",\"isPartOf\":{\"@id\":\"https:\/\/e-concept.md\/#website\"},\"primaryImageOfPage\":{\"@id\":\"https:\/\/e-concept.md\/contacte\/#primaryimage\"},\"image\":{\"@id\":\"https:\/\/e-concept.md\/contacte\/#primaryimage\"},\"thumbnailUrl\":\"https:\/\/e-concept.md\/wp-content\/uploads\/2026\/03\/b-e-conceput-5-e1772697127385.webp\",\"datePublished\":\"2025-06-02T03:15:27+00:00\",\"dateModified\":\"2026-03-27T13:22:46+00:00\",\"breadcrumb\":{\"@id\":\"https:\/\/e-concept.md\/contacte\/#breadcrumb\"},\"inLanguage\":\"en-US\",\"potentialAction\":[{\"@type\":\"ReadAction\",\"target\":[\"https:\/\/e-concept.md\/contacte\/\"]}]},{\"@type\":\"ImageObject\",\"inLanguage\":\"en-US\",\"@id\":\"https:\/\/e-concept.md\/contacte\/#primaryimage\",\"url\":\"https:\/\/e-concept.md\/wp-content\/uploads\/2026\/03\/b-e-conceput-5-e1772697127385.webp\",\"contentUrl\":\"https:\/\/e-concept.md\/wp-content\/uploads\/2026\/03\/b-e-conceput-5-e1772697127385.webp\"},{\"@type\":\"BreadcrumbList\",\"@id\":\"https:\/\/e-concept.md\/contacte\/#breadcrumb\",\"itemListElement\":[{\"@type\":\"ListItem\",\"position\":1,\"name\":\"Prima pagin\u0103\",\"item\":\"https:\/\/e-concept.md\/\"},{\"@type\":\"ListItem\",\"position\":2,\"name\":\"Contacte\"}]},{\"@type\":\"WebSite\",\"@id\":\"https:\/\/e-concept.md\/#website\",\"url\":\"https:\/\/e-concept.md\/\",\"name\":\"E-Concept\",\"description\":\"\",\"publisher\":{\"@id\":\"https:\/\/e-concept.md\/#organization\"},\"potentialAction\":[{\"@type\":\"SearchAction\",\"target\":{\"@type\":\"EntryPoint\",\"urlTemplate\":\"https:\/\/e-concept.md\/?s={search_term_string}\"},\"query-input\":{\"@type\":\"PropertyValueSpecification\",\"valueRequired\":true,\"valueName\":\"search_term_string\"}}],\"inLanguage\":\"en-US\"},{\"@type\":\"Organization\",\"@id\":\"https:\/\/e-concept.md\/#organization\",\"name\":\"E-Concept\",\"url\":\"https:\/\/e-concept.md\/\",\"logo\":{\"@type\":\"ImageObject\",\"inLanguage\":\"en-US\",\"@id\":\"https:\/\/e-concept.md\/#\/schema\/logo\/image\/\",\"url\":\"https:\/\/e-concept.md\/wp-content\/uploads\/2025\/06\/cropped-logo-ergolemn-e-concept-alb-f.png\",\"contentUrl\":\"https:\/\/e-concept.md\/wp-content\/uploads\/2025\/06\/cropped-logo-ergolemn-e-concept-alb-f.png\",\"width\":772,\"height\":312,\"caption\":\"E-Concept\"},\"image\":{\"@id\":\"https:\/\/e-concept.md\/#\/schema\/logo\/image\/\"}}]}<\/script>\n<!-- \/ Yoast SEO plugin. -->","yoast_head_json":{"title":"Contacte - E-Concept","robots":{"index":"index","follow":"follow","max-snippet":"max-snippet:-1","max-image-preview":"max-image-preview:large","max-video-preview":"max-video-preview:-1"},"canonical":"https:\/\/e-concept.md\/en\/contacte\/","og_locale":"en_US","og_type":"article","og_title":"Contacte - E-Concept","og_description":"Contacteaz\u0103-ne Ai un proiect de mobilier \u00een plan? Hai s\u0103 \u00eel realiz\u0103m! Adresa: mun. Chi\u0219in\u0103u, sect. Buiucani, str. Alexandrescu, nr.3, B Contacte: +373 69 93 13 11 salon@e-concept.md Nume \u0219i prenume Email Subiect Mesaj (optional)","og_url":"https:\/\/e-concept.md\/en\/contacte\/","og_site_name":"E-Concept","article_modified_time":"2026-03-27T13:22:46+00:00","og_image":[{"width":977,"height":1068,"url":"https:\/\/e-concept.md\/wp-content\/uploads\/2026\/03\/b-e-conceput-5-e1772697127385.webp","type":"image\/webp"}],"twitter_card":"summary_large_image","twitter_misc":{"Est. reading time":"1 minute"},"schema":{"@context":"https:\/\/schema.org","@graph":[{"@type":"WebPage","@id":"https:\/\/e-concept.md\/contacte\/","url":"https:\/\/e-concept.md\/contacte\/","name":"Contacte - E-Concept","isPartOf":{"@id":"https:\/\/e-concept.md\/#website"},"primaryImageOfPage":{"@id":"https:\/\/e-concept.md\/contacte\/#primaryimage"},"image":{"@id":"https:\/\/e-concept.md\/contacte\/#primaryimage"},"thumbnailUrl":"https:\/\/e-concept.md\/wp-content\/uploads\/2026\/03\/b-e-conceput-5-e1772697127385.webp","datePublished":"2025-06-02T03:15:27+00:00","dateModified":"2026-03-27T13:22:46+00:00","breadcrumb":{"@id":"https:\/\/e-concept.md\/contacte\/#breadcrumb"},"inLanguage":"en-US","potentialAction":[{"@type":"ReadAction","target":["https:\/\/e-concept.md\/contacte\/"]}]},{"@type":"ImageObject","inLanguage":"en-US","@id":"https:\/\/e-concept.md\/contacte\/#primaryimage","url":"https:\/\/e-concept.md\/wp-content\/uploads\/2026\/03\/b-e-conceput-5-e1772697127385.webp","contentUrl":"https:\/\/e-concept.md\/wp-content\/uploads\/2026\/03\/b-e-conceput-5-e1772697127385.webp"},{"@type":"BreadcrumbList","@id":"https:\/\/e-concept.md\/contacte\/#breadcrumb","itemListElement":[{"@type":"ListItem","position":1,"name":"Prima pagin\u0103","item":"https:\/\/e-concept.md\/"},{"@type":"ListItem","position":2,"name":"Contacte"}]},{"@type":"WebSite","@id":"https:\/\/e-concept.md\/#website","url":"https:\/\/e-concept.md\/","name":"e-concept","description":"","publisher":{"@id":"https:\/\/e-concept.md\/#organization"},"potentialAction":[{"@type":"SearchAction","target":{"@type":"EntryPoint","urlTemplate":"https:\/\/e-concept.md\/?s={search_term_string}"},"query-input":{"@type":"PropertyValueSpecification","valueRequired":true,"valueName":"search_term_string"}}],"inLanguage":"en-US"},{"@type":"Organization","@id":"https:\/\/e-concept.md\/#organization","name":"e-concept","url":"https:\/\/e-concept.md\/","logo":{"@type":"ImageObject","inLanguage":"en-US","@id":"https:\/\/e-concept.md\/#\/schema\/logo\/image\/","url":"https:\/\/e-concept.md\/wp-content\/uploads\/2025\/06\/cropped-logo-ergolemn-e-concept-alb-f.png","contentUrl":"https:\/\/e-concept.md\/wp-content\/uploads\/2025\/06\/cropped-logo-ergolemn-e-concept-alb-f.png","width":772,"height":312,"caption":"E-Concept"},"image":{"@id":"https:\/\/e-concept.md\/#\/schema\/logo\/image\/"}}]}},"_links":{"self":[{"href":"https:\/\/e-concept.md\/en\/wp-json\/wp\/v2\/pages\/35","targetHints":{"allow":["GET"]}}],"collection":[{"href":"https:\/\/e-concept.md\/en\/wp-json\/wp\/v2\/pages"}],"about":[{"href":"https:\/\/e-concept.md\/en\/wp-json\/wp\/v2\/types\/page"}],"author":[{"embeddable":true,"href":"https:\/\/e-concept.md\/en\/wp-json\/wp\/v2\/users\/2"}],"replies":[{"embeddable":true,"href":"https:\/\/e-concept.md\/en\/wp-json\/wp\/v2\/comments?post=35"}],"version-history":[{"count":28,"href":"https:\/\/e-concept.md\/en\/wp-json\/wp\/v2\/pages\/35\/revisions"}],"predecessor-version":[{"id":9557,"href":"https:\/\/e-concept.md\/en\/wp-json\/wp\/v2\/pages\/35\/revisions\/9557"}],"wp:attachment":[{"href":"https:\/\/e-concept.md\/en\/wp-json\/wp\/v2\/media?parent=35"}],"curies":[{"name":"wp","href":"https:\/\/api.w.org\/{rel}","templated":true}]}}